{"id":7,"date":"2023-04-25T10:08:59","date_gmt":"2023-04-25T08:08:59","guid":{"rendered":"http:\/\/tamararomaniec.pl\/index.php\/gabinet\/"},"modified":"2023-05-09T10:50:50","modified_gmt":"2023-05-09T08:50:50","slug":"gabinet","status":"publish","type":"page","link":"https:\/\/tamararomaniec.pl\/index.php\/gabinet\/","title":{"rendered":"Gabinet"},"content":{"rendered":"<p>[et_pb_section fb_built=&#8221;1&#8243; custom_padding_last_edited=&#8221;on|phone&#8221; _builder_version=&#8221;4.20.4&#8243; _module_preset=&#8221;default&#8221; background_image=&#8221;http:\/\/tamararomaniec.pl\/wp-content\/uploads\/2023\/04\/trees-g79bc8ca4e_1920-1.jpg&#8221; background_position=&#8221;bottom_center&#8221; custom_margin=&#8221;0px||0px||false|false&#8221; custom_padding=&#8221;7vh||7vh||true|false&#8221; custom_padding_tablet=&#8221;50px||50px||true|false&#8221; custom_padding_phone=&#8221;25px||25px||true|false&#8221; animation_style=&#8221;fade&#8221; animation_duration=&#8221;900ms&#8221; global_module=&#8221;21153&#8243; saved_tabs=&#8221;all&#8221; global_colors_info=&#8221;{}&#8221; theme_builder_area=&#8221;post_content&#8221;][et_pb_row use_custom_gutter=&#8221;on&#8221; gutter_width=&#8221;2&#8243; make_equal=&#8221;on&#8221; _builder_version=&#8221;4.20.4&#8243; _module_preset=&#8221;default&#8221; positioning=&#8221;none&#8221; horizontal_offset=&#8221;16%&#8221; horizontal_offset_tablet=&#8221;10%&#8221; horizontal_offset_phone=&#8221;20px&#8221; horizontal_offset_last_edited=&#8221;on|tablet&#8221; width=&#8221;90%&#8221; max_width=&#8221;1300px&#8221; module_alignment=&#8221;center&#8221; custom_margin=&#8221;0px||0px||false|false&#8221; custom_padding=&#8221;0px||0px||false|false&#8221; global_colors_info=&#8221;{}&#8221; theme_builder_area=&#8221;post_content&#8221;][et_pb_column type=&#8221;4_4&#8243; _builder_version=&#8221;4.17.4&#8243; _module_preset=&#8221;default&#8221; global_colors_info=&#8221;{}&#8221; theme_builder_area=&#8221;post_content&#8221;][et_pb_divider show_divider=&#8221;off&#8221; _builder_version=&#8221;4.20.4&#8243; _module_preset=&#8221;default&#8221; custom_padding=&#8221;10vh||10vh||true|false&#8221; global_colors_info=&#8221;{}&#8221; theme_builder_area=&#8221;post_content&#8221;][\/et_pb_divider][\/et_pb_column][\/et_pb_row][\/et_pb_section][et_pb_section fb_built=&#8221;1&#8243; _builder_version=&#8221;4.21.0&#8243; _module_preset=&#8221;default&#8221; background_color=&#8221;#fcf8f7&#8243; global_colors_info=&#8221;{}&#8221; theme_builder_area=&#8221;post_content&#8221;][et_pb_row use_custom_gutter=&#8221;on&#8221; gutter_width=&#8221;2&#8243; _builder_version=&#8221;4.21.0&#8243; _module_preset=&#8221;default&#8221; width=&#8221;90%&#8221; max_width=&#8221;1300px&#8221; custom_margin=&#8221;0px||0px||false|false&#8221; custom_padding=&#8221;0px||0px||false|false&#8221; global_colors_info=&#8221;{}&#8221; theme_builder_area=&#8221;post_content&#8221;][et_pb_column type=&#8221;4_4&#8243; _builder_version=&#8221;4.21.0&#8243; _module_preset=&#8221;default&#8221; global_colors_info=&#8221;{}&#8221; theme_builder_area=&#8221;post_content&#8221;][et_pb_text _builder_version=&#8221;4.21.0&#8243; _module_preset=&#8221;default&#8221; text_font=&#8221;Cabin||||||||&#8221; text_text_color=&#8221;#7a7d86&#8243; text_font_size=&#8221;30px&#8221; text_line_height=&#8221;1.6em&#8221; text_orientation=&#8221;justified&#8221; custom_margin=&#8221;10px||4px||false|false&#8221; custom_padding=&#8221;0px||0px||false|false&#8221; hover_enabled=&#8221;0&#8243; global_colors_info=&#8221;{}&#8221; theme_builder_area=&#8221;post_content&#8221; sticky_enabled=&#8221;0&#8243;]Gabinet[\/et_pb_text][et_pb_divider color=&#8221;#346467&#8243; divider_weight=&#8221;2px&#8221; _builder_version=&#8221;4.21.0&#8243; _module_preset=&#8221;default&#8221; global_colors_info=&#8221;{}&#8221; theme_builder_area=&#8221;post_content&#8221;][\/et_pb_divider][\/et_pb_column][\/et_pb_row][et_pb_row use_custom_gutter=&#8221;on&#8221; gutter_width=&#8221;2&#8243; _builder_version=&#8221;4.21.0&#8243; _module_preset=&#8221;default&#8221; width=&#8221;90%&#8221; max_width=&#8221;1300px&#8221; custom_margin=&#8221;0px||0px||false|false&#8221; custom_padding=&#8221;0px||0px||false|false&#8221; hover_enabled=&#8221;0&#8243; global_colors_info=&#8221;{}&#8221; column_structure=&#8221;1_2,1_2&#8243; theme_builder_area=&#8221;post_content&#8221; sticky_enabled=&#8221;0&#8243;][et_pb_column type=&#8221;1_2&#8243; _builder_version=&#8221;4.21.0&#8243; _module_preset=&#8221;default&#8221; global_colors_info=&#8221;{}&#8221; theme_builder_area=&#8221;post_content&#8221;][et_pb_text _builder_version=&#8221;4.21.0&#8243; _module_preset=&#8221;default&#8221; text_font=&#8221;Cabin||||||||&#8221; text_text_color=&#8221;#7a7d86&#8243; text_font_size=&#8221;17px&#8221; text_line_height=&#8221;2em&#8221; text_orientation=&#8221;justified&#8221; module_alignment=&#8221;center&#8221; custom_margin=&#8221;10px||||false|false&#8221; custom_padding=&#8221;20px|20px|20px|20px|true|true&#8221; hover_enabled=&#8221;0&#8243; box_shadow_style=&#8221;preset6&#8243; box_shadow_color=&#8221;rgba(0,0,0,0.09)&#8221; global_colors_info=&#8221;{}&#8221; width__hover_enabled=&#8221;off|desktop&#8221; theme_builder_area=&#8221;post_content&#8221; sticky_enabled=&#8221;0&#8243;]<\/p>\n<p style=\"text-align: justify;\"><span style=\"color: #346467;\"><strong>O wizycie<br \/><\/strong><\/span>Diagnoza wykonana przeze mnie jest bardzo kompleksowa. Obejmuje szczeg\u00f3\u0142owy wywiad ustny, badanie t\u0119tna, j\u0119zyka i tak zwan\u0105 diagnoz\u0119 wizualn\u0105. Ocenie podlegaj\u0105: stan i kolor sk\u00f3ry, kolor i rodzaj w\u0142os\u00f3w, paznokcie, brzmienie g\u0142osu i spos\u00f3b m\u00f3wienia, proporcje cia\u0142a, mimika (diagnoza z twarzy), spos\u00f3b oddychania, zapach, spos\u00f3b poruszania si\u0119.<\/p>\n<p>[\/et_pb_text][\/et_pb_column][et_pb_column type=&#8221;1_2&#8243; _builder_version=&#8221;4.21.0&#8243; _module_preset=&#8221;default&#8221; global_colors_info=&#8221;{}&#8221; theme_builder_area=&#8221;post_content&#8221;][et_pb_text _builder_version=&#8221;4.21.0&#8243; _module_preset=&#8221;default&#8221; text_font=&#8221;Cabin||||||||&#8221; text_text_color=&#8221;#7a7d86&#8243; text_font_size=&#8221;17px&#8221; text_line_height=&#8221;2em&#8221; text_orientation=&#8221;justified&#8221; module_alignment=&#8221;center&#8221; custom_margin=&#8221;10px||||false|false&#8221; custom_padding=&#8221;20px|20px|20px|20px|true|true&#8221; hover_enabled=&#8221;0&#8243; box_shadow_style=&#8221;preset6&#8243; box_shadow_color=&#8221;rgba(0,0,0,0.09)&#8221; global_colors_info=&#8221;{}&#8221; width__hover_enabled=&#8221;off|desktop&#8221; theme_builder_area=&#8221;post_content&#8221; sticky_enabled=&#8221;0&#8243;]<\/p>\n<p style=\"text-align: justify;\"><span style=\"color: #346467;\"><strong>Jak si\u0119 przygotowa\u0107<br \/>\n<\/strong><\/span><\/p>\n<p>Kilka dni przed wizyt\u0105 warto przyjrze\u0107 si\u0119 swoim dolegliwo\u015bciom, nawykom, jedzeniu, samopoczuciu w r\u00f3\u017cnych porach dnia.<\/p>\n<p>Dzie\u0144 przed wizyt\u0105 (wieczorem):<br \/>\n&#8211; nie pi\u0107 czerwonego wina.<\/p>\n<p>W dniu wizyty:<br \/>\n&#8211; nie szorowa\u0107 j\u0119zyka (mo\u017cna umy\u0107 z\u0119by normalnie, mo\u017cna je\u015b\u0107),<br \/>\n&#8211; nie pi\u0107 napoj\u00f3w barwi\u0105cych j\u0119zyk, np. kawy, soku z burak\u00f3w,<br \/>\n&#8211; najlepiej nie nak\u0142ada\u0107 makija\u017cu [\/et_pb_text][\/et_pb_column][\/et_pb_row][\/et_pb_section][et_pb_section fb_built=&#8221;1&#8243; custom_padding_last_edited=&#8221;on|desktop&#8221; _builder_version=&#8221;4.20.4&#8243; _module_preset=&#8221;default&#8221; background_image=&#8221;http:\/\/tamararomaniec.pl\/wp-content\/uploads\/2023\/04\/oak-tree-g6d17b5b37_1920.jpg&#8221; custom_margin=&#8221;0px||0px||false|false&#8221; custom_padding=&#8221;25vh||25vh||true|false&#8221; custom_padding_tablet=&#8221;140px||140px||false|false&#8221; custom_padding_phone=&#8221;120px||120px||false|false&#8221; global_colors_info=&#8221;{}&#8221; theme_builder_area=&#8221;post_content&#8221;][et_pb_row _builder_version=&#8221;4.17.4&#8243; _module_preset=&#8221;default&#8221; width=&#8221;100px&#8221; max_width=&#8221;100px&#8221; module_alignment=&#8221;center&#8221; custom_margin=&#8221;0px||0px||false|false&#8221; custom_padding=&#8221;0px||0px||false|false&#8221; link_option_url=&#8221;#&#8221; global_colors_info=&#8221;{}&#8221; theme_builder_area=&#8221;post_content&#8221;][et_pb_column type=&#8221;4_4&#8243; _builder_version=&#8221;4.17.4&#8243; _module_preset=&#8221;default&#8221; global_colors_info=&#8221;{}&#8221; theme_builder_area=&#8221;post_content&#8221;][et_pb_divider show_divider=&#8221;off&#8221; _builder_version=&#8221;4.20.4&#8243; _module_preset=&#8221;default&#8221; global_colors_info=&#8221;{}&#8221; theme_builder_area=&#8221;post_content&#8221;][\/et_pb_divider][\/et_pb_column][\/et_pb_row][\/et_pb_section][et_pb_section fb_built=&#8221;1&#8243; admin_label=&#8221;1&#8243; _builder_version=&#8221;4.20.4&#8243; background_color=&#8221;#fcf8f7&#8243; custom_padding=&#8221;50px||50px||true|false&#8221; global_module=&#8221;21121&#8243; saved_tabs=&#8221;all&#8221; global_colors_info=&#8221;{}&#8221; theme_builder_area=&#8221;post_content&#8221;][et_pb_row _builder_version=&#8221;4.16&#8243; custom_padding=&#8221;|0px||0px|false|false&#8221; global_colors_info=&#8221;{}&#8221; theme_builder_area=&#8221;post_content&#8221;][et_pb_column type=&#8221;4_4&#8243; _builder_version=&#8221;4.16&#8243; custom_padding=&#8221;|||&#8221; global_colors_info=&#8221;{}&#8221; custom_padding__hover=&#8221;|||&#8221; theme_builder_area=&#8221;post_content&#8221;][et_pb_text _builder_version=&#8221;4.20.4&#8243; text_font=&#8221;Cabin|700|||||||&#8221; text_text_color=&#8221;#000000&#8243; text_font_size=&#8221;35px&#8221; custom_margin=&#8221;||55px|||&#8221; text_font_size_phone=&#8221;20px&#8221; text_font_size_last_edited=&#8221;off|desktop&#8221; global_colors_info=&#8221;{}&#8221; theme_builder_area=&#8221;post_content&#8221;]<\/p>\n<p>Dane kontaktowe<\/p>\n<p>[\/et_pb_text][et_pb_text _builder_version=&#8221;4.20.4&#8243; text_font=&#8221;Cabin|700|||||||&#8221; text_text_color=&#8221;#000000&#8243; text_font_size=&#8221;22px&#8221; text_font_size_phone=&#8221;20px&#8221; text_font_size_last_edited=&#8221;off|desktop&#8221; global_colors_info=&#8221;{}&#8221; theme_builder_area=&#8221;post_content&#8221;]<\/p>\n<p>Rejestracja na wizyty odbywa si\u0119 telefonicznie pod nr: 506-228-856<\/p>\n<p>[\/et_pb_text][et_pb_text _builder_version=&#8221;4.20.4&#8243; text_font=&#8221;Cabin|700|||||||&#8221; text_text_color=&#8221;#000000&#8243; text_font_size=&#8221;17px&#8221; custom_margin=&#8221;-15px||||false|false&#8221; text_font_size_phone=&#8221;20px&#8221; text_font_size_last_edited=&#8221;off|desktop&#8221; global_colors_info=&#8221;{}&#8221; theme_builder_area=&#8221;post_content&#8221;]<\/p>\n<p>od poniedzia\u0142ku do pi\u0105tku w godzinach 12:00-16:00.<\/p>\n<p>[\/et_pb_text][et_pb_social_media_follow _builder_version=&#8221;4.20.4&#8243; text_orientation=&#8221;left&#8221; locked=&#8221;off&#8221; global_colors_info=&#8221;{}&#8221; theme_builder_area=&#8221;post_content&#8221;][et_pb_social_media_follow_network social_network=&#8221;facebook&#8221; _builder_version=&#8221;4.20.4&#8243; background_color=&#8221;#346467&#8243; background_enable_color=&#8221;on&#8221; custom_margin=&#8221;8px|8px|8px|8px&#8221; custom_padding=&#8221;6px|6px|6px|6px&#8221; border_radii=&#8221;on||||&#8221; global_colors_info=&#8221;{}&#8221; theme_builder_area=&#8221;post_content&#8221; follow_button=&#8221;off&#8221; url_new_window=&#8221;on&#8221;]facebook[\/et_pb_social_media_follow_network][et_pb_social_media_follow_network social_network=&#8221;instagram&#8221; _builder_version=&#8221;4.20.4&#8243; background_color=&#8221;#346467&#8243; background_enable_color=&#8221;on&#8221; custom_margin=&#8221;8px|8px|8px|8px&#8221; custom_padding=&#8221;6px|6px|6px|6px&#8221; border_radii=&#8221;on||||&#8221; global_colors_info=&#8221;{}&#8221; theme_builder_area=&#8221;post_content&#8221; follow_button=&#8221;off&#8221; url_new_window=&#8221;on&#8221;]instagram[\/et_pb_social_media_follow_network][\/et_pb_social_media_follow][\/et_pb_column][\/et_pb_row][et_pb_row column_structure=&#8221;2_3,1_3&#8243; _builder_version=&#8221;4.16&#8243; custom_margin=&#8221;|||&#8221; custom_padding=&#8221;0px|||||&#8221; global_colors_info=&#8221;{}&#8221; theme_builder_area=&#8221;post_content&#8221;][et_pb_column type=&#8221;2_3&#8243; _builder_version=&#8221;4.16&#8243; custom_padding=&#8221;|||&#8221; global_colors_info=&#8221;{}&#8221; custom_padding__hover=&#8221;|||&#8221; theme_builder_area=&#8221;post_content&#8221;][et_pb_contact_form captcha=&#8221;off&#8221; email=&#8221;tamara.romaniec@o2.pl&#8221; submit_button_text=&#8221;Wy\u015blij&#8221; module_id=&#8221;et_pb_contact_form_0&#8243; _builder_version=&#8221;4.20.4&#8243; form_field_background_color=&#8221;rgba(0,0,0,0)&#8221; form_field_text_color=&#8221;#000000&#8243; title_font=&#8221;||||||||&#8221; form_field_font=&#8221;Roboto|300|||||||&#8221; form_field_font_size=&#8221;15px&#8221; form_field_line_height=&#8221;1.6em&#8221; custom_button=&#8221;on&#8221; button_text_size=&#8221;14px&#8221; button_text_color=&#8221;#ffffff&#8221; button_bg_color=&#8221;#346467&#8243; button_border_width=&#8221;12px&#8221; button_border_color=&#8221;#346467&#8243; button_border_radius=&#8221;0px&#8221; button_letter_spacing=&#8221;1px&#8221; button_font=&#8221;Poppins|||on|||||&#8221; button_icon=&#8221;&#x24;||divi||400&#8243; custom_margin_tablet=&#8221;||80px|&#8221; custom_margin_phone=&#8221;&#8221; custom_margin_last_edited=&#8221;on|desktop&#8221; custom_padding_last_edited=&#8221;off|desktop&#8221; border_width_all=&#8221;1px&#8221; border_color_all=&#8221;#c9c9c9&#8243; form_background_color=&#8221;rgba(0,0,0,0)&#8221; global_colors_info=&#8221;{}&#8221; button_text_color__hover=&#8221;#FFFFFF&#8221; button_text_color__hover_enabled=&#8221;on&#8221; button_bg_color__hover=&#8221;#346467&#8243; button_bg_color__hover_enabled=&#8221;on|desktop&#8221; button_border_color__hover=&#8221;#346467&#8243; button_border_color__hover_enabled=&#8221;on&#8221; button_letter_spacing__hover=&#8221;2px&#8221; button_letter_spacing__hover_enabled=&#8221;on&#8221; button_bg_enable_color__hover=&#8221;on&#8221; theme_builder_area=&#8221;post_content&#8221;][et_pb_contact_field field_id=&#8221;Imi\u0119&#8221; field_title=&#8221;Imi\u0119&#8221; fullwidth_field=&#8221;on&#8221; _builder_version=&#8221;4.20.4&#8243; global_colors_info=&#8221;{}&#8221; button_text_size__hover_enabled=&#8221;off&#8221; button_one_text_size__hover_enabled=&#8221;off&#8221; button_two_text_size__hover_enabled=&#8221;off&#8221; button_text_color__hover_enabled=&#8221;off&#8221; button_one_text_color__hover_enabled=&#8221;off&#8221; button_two_text_color__hover_enabled=&#8221;off&#8221; button_border_width__hover_enabled=&#8221;off&#8221; button_one_border_width__hover_enabled=&#8221;off&#8221; button_two_border_width__hover_enabled=&#8221;off&#8221; button_border_color__hover_enabled=&#8221;off&#8221; button_one_border_color__hover_enabled=&#8221;off&#8221; button_two_border_color__hover_enabled=&#8221;off&#8221; button_border_radius__hover_enabled=&#8221;off&#8221; button_one_border_radius__hover_enabled=&#8221;off&#8221; button_two_border_radius__hover_enabled=&#8221;off&#8221; button_letter_spacing__hover_enabled=&#8221;off&#8221; button_one_letter_spacing__hover_enabled=&#8221;off&#8221; button_two_letter_spacing__hover_enabled=&#8221;off&#8221; button_bg_color__hover_enabled=&#8221;off&#8221; button_one_bg_color__hover_enabled=&#8221;off&#8221; button_two_bg_color__hover_enabled=&#8221;off&#8221; theme_builder_area=&#8221;post_content&#8221;][\/et_pb_contact_field][et_pb_contact_field field_id=&#8221;adresmailowy&#8221; field_title=&#8221;E-mail&#8221; fullwidth_field=&#8221;on&#8221; _builder_version=&#8221;4.20.4&#8243; global_colors_info=&#8221;{}&#8221; button_text_size__hover_enabled=&#8221;off&#8221; button_one_text_size__hover_enabled=&#8221;off&#8221; button_two_text_size__hover_enabled=&#8221;off&#8221; button_text_color__hover_enabled=&#8221;off&#8221; button_one_text_color__hover_enabled=&#8221;off&#8221; button_two_text_color__hover_enabled=&#8221;off&#8221; button_border_width__hover_enabled=&#8221;off&#8221; button_one_border_width__hover_enabled=&#8221;off&#8221; button_two_border_width__hover_enabled=&#8221;off&#8221; button_border_color__hover_enabled=&#8221;off&#8221; button_one_border_color__hover_enabled=&#8221;off&#8221; button_two_border_color__hover_enabled=&#8221;off&#8221; button_border_radius__hover_enabled=&#8221;off&#8221; button_one_border_radius__hover_enabled=&#8221;off&#8221; button_two_border_radius__hover_enabled=&#8221;off&#8221; button_letter_spacing__hover_enabled=&#8221;off&#8221; button_one_letter_spacing__hover_enabled=&#8221;off&#8221; button_two_letter_spacing__hover_enabled=&#8221;off&#8221; button_bg_color__hover_enabled=&#8221;off&#8221; button_one_bg_color__hover_enabled=&#8221;off&#8221; button_two_bg_color__hover_enabled=&#8221;off&#8221; theme_builder_area=&#8221;post_content&#8221;][\/et_pb_contact_field][et_pb_contact_field field_id=&#8221;Wiadomo\u015b\u0107&#8221; field_title=&#8221;Wiadomo\u015b\u0107&#8221; field_type=&#8221;text&#8221; fullwidth_field=&#8221;on&#8221; _builder_version=&#8221;4.20.4&#8243; global_colors_info=&#8221;{}&#8221; button_text_size__hover_enabled=&#8221;off&#8221; button_one_text_size__hover_enabled=&#8221;off&#8221; button_two_text_size__hover_enabled=&#8221;off&#8221; button_text_color__hover_enabled=&#8221;off&#8221; button_one_text_color__hover_enabled=&#8221;off&#8221; button_two_text_color__hover_enabled=&#8221;off&#8221; button_border_width__hover_enabled=&#8221;off&#8221; button_one_border_width__hover_enabled=&#8221;off&#8221; button_two_border_width__hover_enabled=&#8221;off&#8221; button_border_color__hover_enabled=&#8221;off&#8221; button_one_border_color__hover_enabled=&#8221;off&#8221; button_two_border_color__hover_enabled=&#8221;off&#8221; button_border_radius__hover_enabled=&#8221;off&#8221; button_one_border_radius__hover_enabled=&#8221;off&#8221; button_two_border_radius__hover_enabled=&#8221;off&#8221; button_letter_spacing__hover_enabled=&#8221;off&#8221; button_one_letter_spacing__hover_enabled=&#8221;off&#8221; button_two_letter_spacing__hover_enabled=&#8221;off&#8221; button_bg_color__hover_enabled=&#8221;off&#8221; button_one_bg_color__hover_enabled=&#8221;off&#8221; button_two_bg_color__hover_enabled=&#8221;off&#8221; theme_builder_area=&#8221;post_content&#8221;][\/et_pb_contact_field][\/et_pb_contact_form][\/et_pb_column][et_pb_column type=&#8221;1_3&#8243; _builder_version=&#8221;4.16&#8243; custom_padding=&#8221;|||&#8221; global_colors_info=&#8221;{}&#8221; custom_padding__hover=&#8221;|||&#8221; theme_builder_area=&#8221;post_content&#8221;][et_pb_text _builder_version=&#8221;4.20.4&#8243; text_font=&#8221;Cabin|700|||||||&#8221; text_text_color=&#8221;#000000&#8243; text_font_size=&#8221;17px&#8221; text_line_height=&#8221;2em&#8221; custom_margin=&#8221;-15px||||false|false&#8221; text_font_size_phone=&#8221;20px&#8221; text_font_size_last_edited=&#8221;off|desktop&#8221; global_colors_info=&#8221;{}&#8221; theme_builder_area=&#8221;post_content&#8221;]<\/p>\n<p style=\"text-align: justify;\">W razie pyta\u0144 prosz\u0119 o kontakt telefoniczny w podanych godzinach lub mailowy na adres: <a href=\"mailto:tamara.romaniec@o2.pl\">tamara.romaniec@o2.pl<\/a><\/p>\n<p style=\"text-align: justify;\">Mo\u017cliwe s\u0105 r\u00f3wnie\u017c wizyty online, ale pierwsza wizyta powinna odby\u0107 si\u0119 osobi\u015bcie.<\/p>\n<p>[\/et_pb_text][\/et_pb_column][\/et_pb_row][\/et_pb_section]<\/p>\n","protected":false},"excerpt":{"rendered":"<p>GabinetO wizycieDiagnoza wykonana przeze mnie jest bardzo kompleksowa. Obejmuje szczeg\u00f3\u0142owy wywiad ustny, badanie t\u0119tna, j\u0119zyka i tak zwan\u0105 diagnoz\u0119 wizualn\u0105. Ocenie podlegaj\u0105: stan i kolor sk\u00f3ry, kolor i rodzaj w\u0142os\u00f3w, paznokcie, brzmienie g\u0142osu i spos\u00f3b m\u00f3wienia, proporcje cia\u0142a, mimika (diagnoza z twarzy), spos\u00f3b oddychania, zapach, spos\u00f3b poruszania si\u0119.Jak si\u0119 przygotowa\u0107 Kilka dni przed wizyt\u0105 warto [&hellip;]<\/p>\n","protected":false},"author":1,"featured_media":0,"parent":0,"menu_order":0,"comment_status":"closed","ping_status":"closed","template":"","meta":{"_et_pb_use_builder":"on","_et_pb_old_content":"","_et_gb_content_width":"","footnotes":""},"class_list":["post-7","page","type-page","status-publish","hentry"],"yoast_head":"<!-- This site is optimized with the Yoast SEO plugin v20.8 - https:\/\/yoast.com\/wordpress\/plugins\/seo\/ -->\n<title>Gabinet - Tamara Romaniec<\/title>\n<meta name=\"robots\" content=\"index, follow, max-snippet:-1, max-image-preview:large, max-video-preview:-1\" \/>\n<link rel=\"canonical\" href=\"https:\/\/tamararomaniec.pl\/index.php\/gabinet\/\" \/>\n<meta property=\"og:locale\" content=\"pl_PL\" \/>\n<meta property=\"og:type\" content=\"article\" \/>\n<meta property=\"og:title\" content=\"Gabinet - Tamara Romaniec\" \/>\n<meta property=\"og:description\" content=\"GabinetO wizycieDiagnoza wykonana przeze mnie jest bardzo kompleksowa. Obejmuje szczeg\u00f3\u0142owy wywiad ustny, badanie t\u0119tna, j\u0119zyka i tak zwan\u0105 diagnoz\u0119 wizualn\u0105. Ocenie podlegaj\u0105: stan i kolor sk\u00f3ry, kolor i rodzaj w\u0142os\u00f3w, paznokcie, brzmienie g\u0142osu i spos\u00f3b m\u00f3wienia, proporcje cia\u0142a, mimika (diagnoza z twarzy), spos\u00f3b oddychania, zapach, spos\u00f3b poruszania si\u0119.Jak si\u0119 przygotowa\u0107 Kilka dni przed wizyt\u0105 warto [&hellip;]\" \/>\n<meta property=\"og:url\" content=\"https:\/\/tamararomaniec.pl\/index.php\/gabinet\/\" \/>\n<meta property=\"og:site_name\" content=\"Tamara Romaniec\" \/>\n<meta property=\"article:modified_time\" content=\"2023-05-09T08:50:50+00:00\" \/>\n<meta name=\"twitter:card\" content=\"summary_large_image\" \/>\n<meta name=\"twitter:label1\" content=\"Szacowany czas czytania\" \/>\n\t<meta name=\"twitter:data1\" content=\"10 minut\" \/>\n<script type=\"application\/ld+json\" class=\"yoast-schema-graph\">{\"@context\":\"https:\/\/schema.org\",\"@graph\":[{\"@type\":\"WebPage\",\"@id\":\"https:\/\/tamararomaniec.pl\/index.php\/gabinet\/\",\"url\":\"https:\/\/tamararomaniec.pl\/index.php\/gabinet\/\",\"name\":\"Gabinet - Tamara Romaniec\",\"isPartOf\":{\"@id\":\"https:\/\/tamararomaniec.pl\/#website\"},\"datePublished\":\"2023-04-25T08:08:59+00:00\",\"dateModified\":\"2023-05-09T08:50:50+00:00\",\"breadcrumb\":{\"@id\":\"https:\/\/tamararomaniec.pl\/index.php\/gabinet\/#breadcrumb\"},\"inLanguage\":\"pl-PL\",\"potentialAction\":[{\"@type\":\"ReadAction\",\"target\":[\"https:\/\/tamararomaniec.pl\/index.php\/gabinet\/\"]}]},{\"@type\":\"BreadcrumbList\",\"@id\":\"https:\/\/tamararomaniec.pl\/index.php\/gabinet\/#breadcrumb\",\"itemListElement\":[{\"@type\":\"ListItem\",\"position\":1,\"name\":\"Strona g\u0142\u00f3wna\",\"item\":\"https:\/\/tamararomaniec.pl\/\"},{\"@type\":\"ListItem\",\"position\":2,\"name\":\"Gabinet\"}]},{\"@type\":\"WebSite\",\"@id\":\"https:\/\/tamararomaniec.pl\/#website\",\"url\":\"https:\/\/tamararomaniec.pl\/\",\"name\":\"Tamara Romaniec\",\"description\":\"Jestem dyplomowan\u0105 fitoterapeutk\u0105, zielark\u0105 z wieloletnim do\u015bwiadczeniem.\",\"potentialAction\":[{\"@type\":\"SearchAction\",\"target\":{\"@type\":\"EntryPoint\",\"urlTemplate\":\"https:\/\/tamararomaniec.pl\/?s={search_term_string}\"},\"query-input\":\"required name=search_term_string\"}],\"inLanguage\":\"pl-PL\"}]}<\/script>\n<!-- \/ Yoast SEO plugin. -->","yoast_head_json":{"title":"Gabinet - Tamara Romaniec","robots":{"index":"index","follow":"follow","max-snippet":"max-snippet:-1","max-image-preview":"max-image-preview:large","max-video-preview":"max-video-preview:-1"},"canonical":"https:\/\/tamararomaniec.pl\/index.php\/gabinet\/","og_locale":"pl_PL","og_type":"article","og_title":"Gabinet - Tamara Romaniec","og_description":"GabinetO wizycieDiagnoza wykonana przeze mnie jest bardzo kompleksowa. Obejmuje szczeg\u00f3\u0142owy wywiad ustny, badanie t\u0119tna, j\u0119zyka i tak zwan\u0105 diagnoz\u0119 wizualn\u0105. Ocenie podlegaj\u0105: stan i kolor sk\u00f3ry, kolor i rodzaj w\u0142os\u00f3w, paznokcie, brzmienie g\u0142osu i spos\u00f3b m\u00f3wienia, proporcje cia\u0142a, mimika (diagnoza z twarzy), spos\u00f3b oddychania, zapach, spos\u00f3b poruszania si\u0119.Jak si\u0119 przygotowa\u0107 Kilka dni przed wizyt\u0105 warto [&hellip;]","og_url":"https:\/\/tamararomaniec.pl\/index.php\/gabinet\/","og_site_name":"Tamara Romaniec","article_modified_time":"2023-05-09T08:50:50+00:00","twitter_card":"summary_large_image","twitter_misc":{"Szacowany czas czytania":"10 minut"},"schema":{"@context":"https:\/\/schema.org","@graph":[{"@type":"WebPage","@id":"https:\/\/tamararomaniec.pl\/index.php\/gabinet\/","url":"https:\/\/tamararomaniec.pl\/index.php\/gabinet\/","name":"Gabinet - Tamara Romaniec","isPartOf":{"@id":"https:\/\/tamararomaniec.pl\/#website"},"datePublished":"2023-04-25T08:08:59+00:00","dateModified":"2023-05-09T08:50:50+00:00","breadcrumb":{"@id":"https:\/\/tamararomaniec.pl\/index.php\/gabinet\/#breadcrumb"},"inLanguage":"pl-PL","potentialAction":[{"@type":"ReadAction","target":["https:\/\/tamararomaniec.pl\/index.php\/gabinet\/"]}]},{"@type":"BreadcrumbList","@id":"https:\/\/tamararomaniec.pl\/index.php\/gabinet\/#breadcrumb","itemListElement":[{"@type":"ListItem","position":1,"name":"Strona g\u0142\u00f3wna","item":"https:\/\/tamararomaniec.pl\/"},{"@type":"ListItem","position":2,"name":"Gabinet"}]},{"@type":"WebSite","@id":"https:\/\/tamararomaniec.pl\/#website","url":"https:\/\/tamararomaniec.pl\/","name":"Tamara Romaniec","description":"Jestem dyplomowan\u0105 fitoterapeutk\u0105, zielark\u0105 z wieloletnim do\u015bwiadczeniem.","potentialAction":[{"@type":"SearchAction","target":{"@type":"EntryPoint","urlTemplate":"https:\/\/tamararomaniec.pl\/?s={search_term_string}"},"query-input":"required name=search_term_string"}],"inLanguage":"pl-PL"}]}},"_links":{"self":[{"href":"https:\/\/tamararomaniec.pl\/index.php\/wp-json\/wp\/v2\/pages\/7","targetHints":{"allow":["GET"]}}],"collection":[{"href":"https:\/\/tamararomaniec.pl\/index.php\/wp-json\/wp\/v2\/pages"}],"about":[{"href":"https:\/\/tamararomaniec.pl\/index.php\/wp-json\/wp\/v2\/types\/page"}],"author":[{"embeddable":true,"href":"https:\/\/tamararomaniec.pl\/index.php\/wp-json\/wp\/v2\/users\/1"}],"replies":[{"embeddable":true,"href":"https:\/\/tamararomaniec.pl\/index.php\/wp-json\/wp\/v2\/comments?post=7"}],"version-history":[{"count":2,"href":"https:\/\/tamararomaniec.pl\/index.php\/wp-json\/wp\/v2\/pages\/7\/revisions"}],"predecessor-version":[{"id":21158,"href":"https:\/\/tamararomaniec.pl\/index.php\/wp-json\/wp\/v2\/pages\/7\/revisions\/21158"}],"wp:attachment":[{"href":"https:\/\/tamararomaniec.pl\/index.php\/wp-json\/wp\/v2\/media?parent=7"}],"curies":[{"name":"wp","href":"https:\/\/api.w.org\/{rel}","templated":true}]}}