{"id":21167,"date":"2023-05-11T09:42:49","date_gmt":"2023-05-11T07:42:49","guid":{"rendered":"https:\/\/tamararomaniec.pl\/index.php\/klawiterapia\/"},"modified":"2023-05-22T22:18:54","modified_gmt":"2023-05-22T20:18:54","slug":"klawiterapia","status":"publish","type":"page","link":"https:\/\/tamararomaniec.pl\/index.php\/klawiterapia\/","title":{"rendered":"\u2022 Klawiterapia"},"content":{"rendered":"<p>[et_pb_section fb_built=&#8221;1&#8243; custom_padding_last_edited=&#8221;on|phone&#8221; _builder_version=&#8221;4.20.4&#8243; _module_preset=&#8221;default&#8221; background_image=&#8221;https:\/\/tamararomaniec.pl\/wp-content\/uploads\/2023\/04\/trees-g79bc8ca4e_1920-1.jpg&#8221; background_position=&#8221;bottom_center&#8221; custom_margin=&#8221;0px||0px||false|false&#8221; custom_padding=&#8221;7vh||7vh||true|false&#8221; custom_padding_tablet=&#8221;50px||50px||true|false&#8221; custom_padding_phone=&#8221;25px||25px||true|false&#8221; animation_style=&#8221;fade&#8221; animation_duration=&#8221;900ms&#8221; global_module=&#8221;21153&#8243; saved_tabs=&#8221;all&#8221; global_colors_info=&#8221;{}&#8221;][et_pb_row use_custom_gutter=&#8221;on&#8221; gutter_width=&#8221;2&#8243; make_equal=&#8221;on&#8221; _builder_version=&#8221;4.20.4&#8243; _module_preset=&#8221;default&#8221; positioning=&#8221;none&#8221; horizontal_offset=&#8221;16%&#8221; horizontal_offset_tablet=&#8221;10%&#8221; horizontal_offset_phone=&#8221;20px&#8221; horizontal_offset_last_edited=&#8221;on|tablet&#8221; width=&#8221;90%&#8221; max_width=&#8221;1300px&#8221; module_alignment=&#8221;center&#8221; custom_margin=&#8221;0px||0px||false|false&#8221; custom_padding=&#8221;0px||0px||false|false&#8221; global_colors_info=&#8221;{}&#8221;][et_pb_column type=&#8221;4_4&#8243; _builder_version=&#8221;4.17.4&#8243; _module_preset=&#8221;default&#8221; global_colors_info=&#8221;{}&#8221;][et_pb_divider show_divider=&#8221;off&#8221; _builder_version=&#8221;4.20.4&#8243; _module_preset=&#8221;default&#8221; custom_padding=&#8221;10vh||10vh||true|false&#8221; global_colors_info=&#8221;{}&#8221;][\/et_pb_divider][\/et_pb_column][\/et_pb_row][\/et_pb_section][et_pb_section fb_built=&#8221;1&#8243; _builder_version=&#8221;4.21.0&#8243; _module_preset=&#8221;default&#8221; background_color=&#8221;#fcf8f7&#8243; global_colors_info=&#8221;{}&#8221;][et_pb_row use_custom_gutter=&#8221;on&#8221; gutter_width=&#8221;2&#8243; _builder_version=&#8221;4.21.0&#8243; _module_preset=&#8221;default&#8221; width=&#8221;90%&#8221; max_width=&#8221;1300px&#8221; custom_margin=&#8221;0px||0px||false|false&#8221; custom_padding=&#8221;0px||0px||false|false&#8221; global_colors_info=&#8221;{}&#8221;][et_pb_column type=&#8221;4_4&#8243; _builder_version=&#8221;4.21.0&#8243; _module_preset=&#8221;default&#8221; global_colors_info=&#8221;{}&#8221;][et_pb_text _builder_version=&#8221;4.21.0&#8243; _module_preset=&#8221;default&#8221; text_font=&#8221;Cabin||||||||&#8221; text_text_color=&#8221;#7a7d86&#8243; text_font_size=&#8221;30px&#8221; text_line_height=&#8221;1.6em&#8221; text_orientation=&#8221;justified&#8221; custom_margin=&#8221;10px||4px||false|false&#8221; custom_padding=&#8221;0px||0px||false|false&#8221; global_colors_info=&#8221;{}&#8221;]\u2022 Klawiterapia[\/et_pb_text][et_pb_divider divider_weight=&#8221;2px&#8221; _builder_version=&#8221;4.21.0&#8243; _module_preset=&#8221;default&#8221; global_colors_info=&#8221;{}&#8221;][\/et_pb_divider][\/et_pb_column][\/et_pb_row][et_pb_row column_structure=&#8221;3_5,2_5&#8243; use_custom_gutter=&#8221;on&#8221; gutter_width=&#8221;2&#8243; _builder_version=&#8221;4.21.0&#8243; _module_preset=&#8221;default&#8221; width=&#8221;90%&#8221; max_width=&#8221;1300px&#8221; custom_margin=&#8221;0px||0px||false|false&#8221; custom_padding=&#8221;0px||0px||false|false&#8221; global_colors_info=&#8221;{}&#8221;][et_pb_column type=&#8221;3_5&#8243; _builder_version=&#8221;4.21.0&#8243; _module_preset=&#8221;default&#8221; global_colors_info=&#8221;{}&#8221;][et_pb_text _builder_version=&#8221;4.21.0&#8243; _module_preset=&#8221;default&#8221; text_font=&#8221;Cabin||||||||&#8221; text_text_color=&#8221;#7a7d86&#8243; text_font_size=&#8221;17px&#8221; text_line_height=&#8221;2em&#8221; text_orientation=&#8221;justified&#8221; module_alignment=&#8221;center&#8221; custom_margin=&#8221;||||false|false&#8221; global_colors_info=&#8221;{}&#8221; width__hover_enabled=&#8221;off|desktop&#8221;]<\/p>\n<p style=\"text-align: left;\">Klawiterapia odblokowuje i reguluje napi\u0119cia w systemie nerwowym poprzez nacisk lub stymulacj\u0119 danych punkt\u00f3w i miejsc w\u0142a\u015bciwie ostro zako\u0144czonymi specjalnymi klawikami. Metoda ta wykorzystuje dermatomy, do kt\u00f3rych dochodz\u0105 w\u0142\u00f3kna nerwowe; oddzia\u0142uj\u0105c na nie, pozwala na uzyskanie relaksuj\u0105cego lub pobudzaj\u0105cego efektu w centralnym i obwodowym uk\u0142adzie nerwowym. Klawiterapia polega na oddzia\u0142ywaniu na receptory znajduj\u0105ce si\u0119, m\u00f3wi\u0105c og\u00f3lnie, w sk\u00f3rze i pod ni\u0105. \u0141\u0105cz\u0105 si\u0119 one z mikrow\u0142\u00f3knami nerwowymi po\u0142o\u017conymi nieco g\u0142\u0119biej ni\u017c warstwa sk\u00f3ry, kt\u00f3re z kolei \u0142\u0105cz\u0105 si\u0119 z w\u0142\u00f3knami nerwowymi dochodz\u0105cymi do kr\u0119gos\u0142upa. Metoda polecana jest pacjentom z b\u00f3lami g\u0142owy, b\u00f3lami mi\u0119\u015bni, chorymi zatokami, ale r\u00f3wnie\u017c z katarem siennym, czy chorobami neurodegeneracyjnymi, takimi jak stwardnienie rozsiane, neuropatie obwodowe, itp.. Opr\u00f3cz tego metoda klawiterapii mo\u017ce pom\u00f3c osobom z b\u00f3lami kr\u0119gos\u0142upa oraz ludziom nara\u017conym na wysoki poziom stresu.<\/p>\n<p>[\/et_pb_text][\/et_pb_column][et_pb_column type=&#8221;2_5&#8243; _builder_version=&#8221;4.21.0&#8243; _module_preset=&#8221;default&#8221; global_colors_info=&#8221;{}&#8221;][et_pb_image src=&#8221;https:\/\/tamararomaniec.pl\/wp-content\/uploads\/2023\/05\/5.-Klawiterapia.jpg&#8221; title_text=&#8221;5. Klawiterapia&#8221; _builder_version=&#8221;4.21.0&#8243; _module_preset=&#8221;default&#8221; box_shadow_style=&#8221;preset2&#8243; global_colors_info=&#8221;{}&#8221;][\/et_pb_image][\/et_pb_column][\/et_pb_row][\/et_pb_section][et_pb_section fb_built=&#8221;1&#8243; custom_padding_last_edited=&#8221;on|desktop&#8221; _builder_version=&#8221;4.20.4&#8243; _module_preset=&#8221;default&#8221; background_image=&#8221;https:\/\/tamararomaniec.pl\/wp-content\/uploads\/2023\/04\/oak-tree-g6d17b5b37_1920.jpg&#8221; custom_margin=&#8221;0px||0px||false|false&#8221; custom_padding=&#8221;25vh||25vh||true|false&#8221; custom_padding_tablet=&#8221;140px||140px||false|false&#8221; custom_padding_phone=&#8221;120px||120px||false|false&#8221; global_colors_info=&#8221;{}&#8221;][et_pb_row _builder_version=&#8221;4.17.4&#8243; _module_preset=&#8221;default&#8221; width=&#8221;100px&#8221; max_width=&#8221;100px&#8221; module_alignment=&#8221;center&#8221; custom_margin=&#8221;0px||0px||false|false&#8221; custom_padding=&#8221;0px||0px||false|false&#8221; link_option_url=&#8221;#&#8221; global_colors_info=&#8221;{}&#8221;][et_pb_column type=&#8221;4_4&#8243; _builder_version=&#8221;4.17.4&#8243; _module_preset=&#8221;default&#8221; global_colors_info=&#8221;{}&#8221;][et_pb_divider show_divider=&#8221;off&#8221; _builder_version=&#8221;4.20.4&#8243; _module_preset=&#8221;default&#8221; global_colors_info=&#8221;{}&#8221;][\/et_pb_divider][\/et_pb_column][\/et_pb_row][\/et_pb_section][et_pb_section fb_built=&#8221;1&#8243; admin_label=&#8221;1&#8243; _builder_version=&#8221;4.20.4&#8243; background_color=&#8221;#fcf8f7&#8243; custom_padding=&#8221;50px||50px||true|false&#8221; global_module=&#8221;21121&#8243; saved_tabs=&#8221;all&#8221; global_colors_info=&#8221;{}&#8221;][et_pb_row _builder_version=&#8221;4.16&#8243; custom_padding=&#8221;|0px||0px|false|false&#8221; global_colors_info=&#8221;{}&#8221;][et_pb_column type=&#8221;4_4&#8243; _builder_version=&#8221;4.16&#8243; custom_padding=&#8221;|||&#8221; global_colors_info=&#8221;{}&#8221; custom_padding__hover=&#8221;|||&#8221;][et_pb_text _builder_version=&#8221;4.20.4&#8243; text_font=&#8221;Cabin|700|||||||&#8221; text_text_color=&#8221;#000000&#8243; text_font_size=&#8221;35px&#8221; custom_margin=&#8221;||55px|||&#8221; text_font_size_phone=&#8221;20px&#8221; text_font_size_last_edited=&#8221;off|desktop&#8221; global_colors_info=&#8221;{}&#8221;]<\/p>\n<p>Dane kontaktowe<\/p>\n<p>[\/et_pb_text][et_pb_text _builder_version=&#8221;4.20.4&#8243; text_font=&#8221;Cabin|700|||||||&#8221; text_text_color=&#8221;#000000&#8243; text_font_size=&#8221;22px&#8221; text_font_size_phone=&#8221;20px&#8221; text_font_size_last_edited=&#8221;off|desktop&#8221; global_colors_info=&#8221;{}&#8221;]<\/p>\n<p>Rejestracja na wizyty odbywa si\u0119 telefonicznie pod nr: 506-228-856<\/p>\n<p>[\/et_pb_text][et_pb_text _builder_version=&#8221;4.20.4&#8243; text_font=&#8221;Cabin|700|||||||&#8221; text_text_color=&#8221;#000000&#8243; text_font_size=&#8221;17px&#8221; custom_margin=&#8221;-15px||||false|false&#8221; text_font_size_phone=&#8221;20px&#8221; text_font_size_last_edited=&#8221;off|desktop&#8221; global_colors_info=&#8221;{}&#8221;]<\/p>\n<p>od poniedzia\u0142ku do pi\u0105tku w godzinach 12:00-16:00.<\/p>\n<p>[\/et_pb_text][et_pb_social_media_follow disabled_on=&#8221;on|on|on&#8221; _builder_version=&#8221;4.21.0&#8243; text_orientation=&#8221;left&#8221; disabled=&#8221;on&#8221; locked=&#8221;off&#8221; global_colors_info=&#8221;{}&#8221;][et_pb_social_media_follow_network social_network=&#8221;facebook&#8221; _builder_version=&#8221;4.20.4&#8243; background_color=&#8221;#346467&#8243; background_enable_color=&#8221;on&#8221; custom_margin=&#8221;8px|8px|8px|8px&#8221; custom_padding=&#8221;6px|6px|6px|6px&#8221; border_radii=&#8221;on||||&#8221; global_colors_info=&#8221;{}&#8221; follow_button=&#8221;off&#8221; url_new_window=&#8221;on&#8221;]facebook[\/et_pb_social_media_follow_network][et_pb_social_media_follow_network social_network=&#8221;instagram&#8221; _builder_version=&#8221;4.20.4&#8243; background_color=&#8221;#346467&#8243; background_enable_color=&#8221;on&#8221; custom_margin=&#8221;8px|8px|8px|8px&#8221; custom_padding=&#8221;6px|6px|6px|6px&#8221; border_radii=&#8221;on||||&#8221; global_colors_info=&#8221;{}&#8221; follow_button=&#8221;off&#8221; url_new_window=&#8221;on&#8221;]instagram[\/et_pb_social_media_follow_network][\/et_pb_social_media_follow][\/et_pb_column][\/et_pb_row][et_pb_row column_structure=&#8221;2_3,1_3&#8243; _builder_version=&#8221;4.16&#8243; custom_margin=&#8221;|||&#8221; custom_padding=&#8221;0px|||||&#8221; global_colors_info=&#8221;{}&#8221;][et_pb_column type=&#8221;2_3&#8243; _builder_version=&#8221;4.16&#8243; custom_padding=&#8221;|||&#8221; global_colors_info=&#8221;{}&#8221; custom_padding__hover=&#8221;|||&#8221;][et_pb_contact_form captcha=&#8221;off&#8221; email=&#8221;tamara.romaniec@o2.pl&#8221; submit_button_text=&#8221;Wy\u015blij&#8221; module_id=&#8221;et_pb_contact_form_0&#8243; _builder_version=&#8221;4.20.4&#8243; form_field_background_color=&#8221;rgba(0,0,0,0)&#8221; form_field_text_color=&#8221;#000000&#8243; title_font=&#8221;||||||||&#8221; form_field_font=&#8221;Roboto|300|||||||&#8221; form_field_font_size=&#8221;15px&#8221; form_field_line_height=&#8221;1.6em&#8221; custom_button=&#8221;on&#8221; button_text_size=&#8221;14px&#8221; button_text_color=&#8221;#ffffff&#8221; button_bg_color=&#8221;#346467&#8243; button_border_width=&#8221;12px&#8221; button_border_color=&#8221;#346467&#8243; button_border_radius=&#8221;0px&#8221; button_letter_spacing=&#8221;1px&#8221; button_font=&#8221;Poppins|||on|||||&#8221; button_icon=&#8221;&#x24;||divi||400&#8243; custom_margin_tablet=&#8221;||80px|&#8221; custom_margin_phone=&#8221;&#8221; custom_margin_last_edited=&#8221;on|desktop&#8221; custom_padding_last_edited=&#8221;off|desktop&#8221; border_width_all=&#8221;1px&#8221; border_color_all=&#8221;#c9c9c9&#8243; form_background_color=&#8221;rgba(0,0,0,0)&#8221; global_colors_info=&#8221;{}&#8221; button_text_color__hover=&#8221;#FFFFFF&#8221; button_text_color__hover_enabled=&#8221;on&#8221; button_bg_color__hover=&#8221;#346467&#8243; button_bg_color__hover_enabled=&#8221;on|desktop&#8221; button_border_color__hover=&#8221;#346467&#8243; button_border_color__hover_enabled=&#8221;on&#8221; button_letter_spacing__hover=&#8221;2px&#8221; button_letter_spacing__hover_enabled=&#8221;on&#8221; button_bg_enable_color__hover=&#8221;on&#8221;][et_pb_contact_field field_id=&#8221;Imi\u0119&#8221; field_title=&#8221;Imi\u0119&#8221; fullwidth_field=&#8221;on&#8221; _builder_version=&#8221;4.20.4&#8243; global_colors_info=&#8221;{}&#8221; button_text_size__hover_enabled=&#8221;off&#8221; button_one_text_size__hover_enabled=&#8221;off&#8221; button_two_text_size__hover_enabled=&#8221;off&#8221; button_text_color__hover_enabled=&#8221;off&#8221; button_one_text_color__hover_enabled=&#8221;off&#8221; button_two_text_color__hover_enabled=&#8221;off&#8221; button_border_width__hover_enabled=&#8221;off&#8221; button_one_border_width__hover_enabled=&#8221;off&#8221; button_two_border_width__hover_enabled=&#8221;off&#8221; button_border_color__hover_enabled=&#8221;off&#8221; button_one_border_color__hover_enabled=&#8221;off&#8221; button_two_border_color__hover_enabled=&#8221;off&#8221; button_border_radius__hover_enabled=&#8221;off&#8221; button_one_border_radius__hover_enabled=&#8221;off&#8221; button_two_border_radius__hover_enabled=&#8221;off&#8221; button_letter_spacing__hover_enabled=&#8221;off&#8221; button_one_letter_spacing__hover_enabled=&#8221;off&#8221; button_two_letter_spacing__hover_enabled=&#8221;off&#8221; button_bg_color__hover_enabled=&#8221;off&#8221; button_one_bg_color__hover_enabled=&#8221;off&#8221; button_two_bg_color__hover_enabled=&#8221;off&#8221;][\/et_pb_contact_field][et_pb_contact_field field_id=&#8221;adresmailowy&#8221; field_title=&#8221;E-mail&#8221; fullwidth_field=&#8221;on&#8221; _builder_version=&#8221;4.20.4&#8243; global_colors_info=&#8221;{}&#8221; button_text_size__hover_enabled=&#8221;off&#8221; button_one_text_size__hover_enabled=&#8221;off&#8221; button_two_text_size__hover_enabled=&#8221;off&#8221; button_text_color__hover_enabled=&#8221;off&#8221; button_one_text_color__hover_enabled=&#8221;off&#8221; button_two_text_color__hover_enabled=&#8221;off&#8221; button_border_width__hover_enabled=&#8221;off&#8221; button_one_border_width__hover_enabled=&#8221;off&#8221; button_two_border_width__hover_enabled=&#8221;off&#8221; button_border_color__hover_enabled=&#8221;off&#8221; button_one_border_color__hover_enabled=&#8221;off&#8221; button_two_border_color__hover_enabled=&#8221;off&#8221; button_border_radius__hover_enabled=&#8221;off&#8221; button_one_border_radius__hover_enabled=&#8221;off&#8221; button_two_border_radius__hover_enabled=&#8221;off&#8221; button_letter_spacing__hover_enabled=&#8221;off&#8221; button_one_letter_spacing__hover_enabled=&#8221;off&#8221; button_two_letter_spacing__hover_enabled=&#8221;off&#8221; button_bg_color__hover_enabled=&#8221;off&#8221; button_one_bg_color__hover_enabled=&#8221;off&#8221; button_two_bg_color__hover_enabled=&#8221;off&#8221;][\/et_pb_contact_field][et_pb_contact_field field_id=&#8221;Wiadomo\u015b\u0107&#8221; field_title=&#8221;Wiadomo\u015b\u0107&#8221; field_type=&#8221;text&#8221; fullwidth_field=&#8221;on&#8221; _builder_version=&#8221;4.20.4&#8243; global_colors_info=&#8221;{}&#8221; button_text_size__hover_enabled=&#8221;off&#8221; button_one_text_size__hover_enabled=&#8221;off&#8221; button_two_text_size__hover_enabled=&#8221;off&#8221; button_text_color__hover_enabled=&#8221;off&#8221; button_one_text_color__hover_enabled=&#8221;off&#8221; button_two_text_color__hover_enabled=&#8221;off&#8221; button_border_width__hover_enabled=&#8221;off&#8221; button_one_border_width__hover_enabled=&#8221;off&#8221; button_two_border_width__hover_enabled=&#8221;off&#8221; button_border_color__hover_enabled=&#8221;off&#8221; button_one_border_color__hover_enabled=&#8221;off&#8221; button_two_border_color__hover_enabled=&#8221;off&#8221; button_border_radius__hover_enabled=&#8221;off&#8221; button_one_border_radius__hover_enabled=&#8221;off&#8221; button_two_border_radius__hover_enabled=&#8221;off&#8221; button_letter_spacing__hover_enabled=&#8221;off&#8221; button_one_letter_spacing__hover_enabled=&#8221;off&#8221; button_two_letter_spacing__hover_enabled=&#8221;off&#8221; button_bg_color__hover_enabled=&#8221;off&#8221; button_one_bg_color__hover_enabled=&#8221;off&#8221; button_two_bg_color__hover_enabled=&#8221;off&#8221;][\/et_pb_contact_field][\/et_pb_contact_form][\/et_pb_column][et_pb_column type=&#8221;1_3&#8243; _builder_version=&#8221;4.16&#8243; custom_padding=&#8221;|||&#8221; global_colors_info=&#8221;{}&#8221; custom_padding__hover=&#8221;|||&#8221;][et_pb_text _builder_version=&#8221;4.21.0&#8243; text_font=&#8221;Cabin|700|||||||&#8221; text_text_color=&#8221;#000000&#8243; text_font_size=&#8221;17px&#8221; text_line_height=&#8221;2em&#8221; custom_margin=&#8221;-15px||||false|false&#8221; text_font_size_phone=&#8221;20px&#8221; text_font_size_last_edited=&#8221;off|desktop&#8221; global_colors_info=&#8221;{}&#8221;]<\/p>\n<p style=\"text-align: left;\">W razie pyta\u0144 prosz\u0119 o kontakt telefoniczny w podanych godzinach lub mailowy na adres: <a href=\"mailto:tamara.romaniec@o2.pl\">tamara.romaniec@o2.pl<\/a><\/p>\n<p style=\"text-align: left;\">Mo\u017cliwe s\u0105 r\u00f3wnie\u017c wizyty online, ale pierwsza wizyta powinna odby\u0107 si\u0119 osobi\u015bcie.<\/p>\n<p>[\/et_pb_text][\/et_pb_column][\/et_pb_row][\/et_pb_section]<\/p>\n","protected":false},"excerpt":{"rendered":"<p>\u2022 KlawiterapiaKlawiterapia odblokowuje i reguluje napi\u0119cia w systemie nerwowym poprzez nacisk lub stymulacj\u0119 danych punkt\u00f3w i miejsc w\u0142a\u015bciwie ostro zako\u0144czonymi specjalnymi klawikami. Metoda ta wykorzystuje dermatomy, do kt\u00f3rych dochodz\u0105 w\u0142\u00f3kna nerwowe; oddzia\u0142uj\u0105c na nie, pozwala na uzyskanie relaksuj\u0105cego lub pobudzaj\u0105cego efektu w centralnym i obwodowym uk\u0142adzie nerwowym. Klawiterapia polega na oddzia\u0142ywaniu na receptory znajduj\u0105ce si\u0119, [&hellip;]<\/p>\n","protected":false},"author":1,"featured_media":0,"parent":0,"menu_order":0,"comment_status":"closed","ping_status":"closed","template":"","meta":{"_et_pb_use_builder":"on","_et_pb_old_content":"","_et_gb_content_width":"","footnotes":""},"class_list":["post-21167","page","type-page","status-publish","hentry"],"yoast_head":"<!-- This site is optimized with the Yoast SEO plugin v20.8 - https:\/\/yoast.com\/wordpress\/plugins\/seo\/ -->\n<title>\u2022 Klawiterapia - Tamara Romaniec<\/title>\n<meta name=\"robots\" content=\"index, follow, max-snippet:-1, max-image-preview:large, max-video-preview:-1\" \/>\n<link rel=\"canonical\" href=\"https:\/\/tamararomaniec.pl\/index.php\/klawiterapia\/\" \/>\n<meta property=\"og:locale\" content=\"pl_PL\" \/>\n<meta property=\"og:type\" content=\"article\" \/>\n<meta property=\"og:title\" content=\"\u2022 Klawiterapia - Tamara Romaniec\" \/>\n<meta property=\"og:description\" content=\"\u2022 KlawiterapiaKlawiterapia odblokowuje i reguluje napi\u0119cia w systemie nerwowym poprzez nacisk lub stymulacj\u0119 danych punkt\u00f3w i miejsc w\u0142a\u015bciwie ostro zako\u0144czonymi specjalnymi klawikami. Metoda ta wykorzystuje dermatomy, do kt\u00f3rych dochodz\u0105 w\u0142\u00f3kna nerwowe; oddzia\u0142uj\u0105c na nie, pozwala na uzyskanie relaksuj\u0105cego lub pobudzaj\u0105cego efektu w centralnym i obwodowym uk\u0142adzie nerwowym. Klawiterapia polega na oddzia\u0142ywaniu na receptory znajduj\u0105ce si\u0119, [&hellip;]\" \/>\n<meta property=\"og:url\" content=\"https:\/\/tamararomaniec.pl\/index.php\/klawiterapia\/\" \/>\n<meta property=\"og:site_name\" content=\"Tamara Romaniec\" \/>\n<meta property=\"article:modified_time\" content=\"2023-05-22T20:18:54+00:00\" \/>\n<meta name=\"twitter:card\" content=\"summary_large_image\" \/>\n<meta name=\"twitter:label1\" content=\"Szacowany czas czytania\" \/>\n\t<meta name=\"twitter:data1\" content=\"9 minut\" \/>\n<script type=\"application\/ld+json\" class=\"yoast-schema-graph\">{\"@context\":\"https:\/\/schema.org\",\"@graph\":[{\"@type\":\"WebPage\",\"@id\":\"https:\/\/tamararomaniec.pl\/index.php\/klawiterapia\/\",\"url\":\"https:\/\/tamararomaniec.pl\/index.php\/klawiterapia\/\",\"name\":\"\u2022 Klawiterapia - Tamara Romaniec\",\"isPartOf\":{\"@id\":\"https:\/\/tamararomaniec.pl\/#website\"},\"datePublished\":\"2023-05-11T07:42:49+00:00\",\"dateModified\":\"2023-05-22T20:18:54+00:00\",\"breadcrumb\":{\"@id\":\"https:\/\/tamararomaniec.pl\/index.php\/klawiterapia\/#breadcrumb\"},\"inLanguage\":\"pl-PL\",\"potentialAction\":[{\"@type\":\"ReadAction\",\"target\":[\"https:\/\/tamararomaniec.pl\/index.php\/klawiterapia\/\"]}]},{\"@type\":\"BreadcrumbList\",\"@id\":\"https:\/\/tamararomaniec.pl\/index.php\/klawiterapia\/#breadcrumb\",\"itemListElement\":[{\"@type\":\"ListItem\",\"position\":1,\"name\":\"Strona g\u0142\u00f3wna\",\"item\":\"https:\/\/tamararomaniec.pl\/\"},{\"@type\":\"ListItem\",\"position\":2,\"name\":\"\u2022 Klawiterapia\"}]},{\"@type\":\"WebSite\",\"@id\":\"https:\/\/tamararomaniec.pl\/#website\",\"url\":\"https:\/\/tamararomaniec.pl\/\",\"name\":\"Tamara Romaniec\",\"description\":\"Jestem dyplomowan\u0105 fitoterapeutk\u0105, zielark\u0105 z wieloletnim do\u015bwiadczeniem.\",\"potentialAction\":[{\"@type\":\"SearchAction\",\"target\":{\"@type\":\"EntryPoint\",\"urlTemplate\":\"https:\/\/tamararomaniec.pl\/?s={search_term_string}\"},\"query-input\":\"required name=search_term_string\"}],\"inLanguage\":\"pl-PL\"}]}<\/script>\n<!-- \/ Yoast SEO plugin. -->","yoast_head_json":{"title":"\u2022 Klawiterapia - Tamara Romaniec","robots":{"index":"index","follow":"follow","max-snippet":"max-snippet:-1","max-image-preview":"max-image-preview:large","max-video-preview":"max-video-preview:-1"},"canonical":"https:\/\/tamararomaniec.pl\/index.php\/klawiterapia\/","og_locale":"pl_PL","og_type":"article","og_title":"\u2022 Klawiterapia - Tamara Romaniec","og_description":"\u2022 KlawiterapiaKlawiterapia odblokowuje i reguluje napi\u0119cia w systemie nerwowym poprzez nacisk lub stymulacj\u0119 danych punkt\u00f3w i miejsc w\u0142a\u015bciwie ostro zako\u0144czonymi specjalnymi klawikami. Metoda ta wykorzystuje dermatomy, do kt\u00f3rych dochodz\u0105 w\u0142\u00f3kna nerwowe; oddzia\u0142uj\u0105c na nie, pozwala na uzyskanie relaksuj\u0105cego lub pobudzaj\u0105cego efektu w centralnym i obwodowym uk\u0142adzie nerwowym. Klawiterapia polega na oddzia\u0142ywaniu na receptory znajduj\u0105ce si\u0119, [&hellip;]","og_url":"https:\/\/tamararomaniec.pl\/index.php\/klawiterapia\/","og_site_name":"Tamara Romaniec","article_modified_time":"2023-05-22T20:18:54+00:00","twitter_card":"summary_large_image","twitter_misc":{"Szacowany czas czytania":"9 minut"},"schema":{"@context":"https:\/\/schema.org","@graph":[{"@type":"WebPage","@id":"https:\/\/tamararomaniec.pl\/index.php\/klawiterapia\/","url":"https:\/\/tamararomaniec.pl\/index.php\/klawiterapia\/","name":"\u2022 Klawiterapia - Tamara Romaniec","isPartOf":{"@id":"https:\/\/tamararomaniec.pl\/#website"},"datePublished":"2023-05-11T07:42:49+00:00","dateModified":"2023-05-22T20:18:54+00:00","breadcrumb":{"@id":"https:\/\/tamararomaniec.pl\/index.php\/klawiterapia\/#breadcrumb"},"inLanguage":"pl-PL","potentialAction":[{"@type":"ReadAction","target":["https:\/\/tamararomaniec.pl\/index.php\/klawiterapia\/"]}]},{"@type":"BreadcrumbList","@id":"https:\/\/tamararomaniec.pl\/index.php\/klawiterapia\/#breadcrumb","itemListElement":[{"@type":"ListItem","position":1,"name":"Strona g\u0142\u00f3wna","item":"https:\/\/tamararomaniec.pl\/"},{"@type":"ListItem","position":2,"name":"\u2022 Klawiterapia"}]},{"@type":"WebSite","@id":"https:\/\/tamararomaniec.pl\/#website","url":"https:\/\/tamararomaniec.pl\/","name":"Tamara Romaniec","description":"Jestem dyplomowan\u0105 fitoterapeutk\u0105, zielark\u0105 z wieloletnim do\u015bwiadczeniem.","potentialAction":[{"@type":"SearchAction","target":{"@type":"EntryPoint","urlTemplate":"https:\/\/tamararomaniec.pl\/?s={search_term_string}"},"query-input":"required name=search_term_string"}],"inLanguage":"pl-PL"}]}},"_links":{"self":[{"href":"https:\/\/tamararomaniec.pl\/index.php\/wp-json\/wp\/v2\/pages\/21167","targetHints":{"allow":["GET"]}}],"collection":[{"href":"https:\/\/tamararomaniec.pl\/index.php\/wp-json\/wp\/v2\/pages"}],"about":[{"href":"https:\/\/tamararomaniec.pl\/index.php\/wp-json\/wp\/v2\/types\/page"}],"author":[{"embeddable":true,"href":"https:\/\/tamararomaniec.pl\/index.php\/wp-json\/wp\/v2\/users\/1"}],"replies":[{"embeddable":true,"href":"https:\/\/tamararomaniec.pl\/index.php\/wp-json\/wp\/v2\/comments?post=21167"}],"version-history":[{"count":6,"href":"https:\/\/tamararomaniec.pl\/index.php\/wp-json\/wp\/v2\/pages\/21167\/revisions"}],"predecessor-version":[{"id":21244,"href":"https:\/\/tamararomaniec.pl\/index.php\/wp-json\/wp\/v2\/pages\/21167\/revisions\/21244"}],"wp:attachment":[{"href":"https:\/\/tamararomaniec.pl\/index.php\/wp-json\/wp\/v2\/media?parent=21167"}],"curies":[{"name":"wp","href":"https:\/\/api.w.org\/{rel}","templated":true}]}}